{"id":210,"date":"2021-06-02T15:49:29","date_gmt":"2021-06-02T15:49:29","guid":{"rendered":"https:\/\/katfile.me\/premio-katfile\/"},"modified":"2021-08-24T17:29:01","modified_gmt":"2021-08-24T17:29:01","slug":"premio-katfile","status":"publish","type":"page","link":"https:\/\/katfile.me\/pt-pt\/","title":{"rendered":"Katfile Premium"},"content":{"rendered":"\n<h2 class=\"wp-block-heading\">Katfile Premium: Todas as vantagens<\/h2>\n\n\n\n<p>Opte por uma conta Katfile Premium hoje e beneficie da velocidade de descarregamento e carregamento total. Com a vers\u00e3o premium, cada download come\u00e7a imediatamente e sem demora. Tamb\u00e9m pode carregar quantos ficheiros quiser ao mesmo tempo e iniciar downloads parados de volta onde pararam.<\/p>\n\n\n\n<div class=\"wp-block-buttons is-layout-flex wp-block-buttons-is-layout-flex\">\n<div class=\"wp-block-button\"><a class=\"wp-block-button__link has-white-color has-vivid-cyan-blue-background-color has-text-color has-background\" href=\"https:\/\/katfile.me\/go\/katfile\/\"><span class=\"has-inline-color has-white-color\">V\u00e1 a Katfile<\/span><span class=\"has-inline-color has-white-color\">\u1405<\/span><\/a><\/div>\n<\/div>\n\n\n\n<p class=\"has-medium-font-size\"><strong>Todas as vantagens num \u00e1pice:<\/strong><\/p>\n\n\n\n<ul class=\"wp-block-list\"><li>Velocidade m\u00e1xima: at\u00e9 30x mais r\u00e1pido<\/li><li>Os downloads come\u00e7am imediatamente: sem mais esperas<\/li><li>Simult\u00e2neo: descarregue um n\u00famero infinito de ficheiros ao mesmo tempo<\/li><li>Tamanho de 20 GB: Descarregamento de grandes ficheiros poss\u00edveis<\/li><li>Sem an\u00fancios: N\u00e3o h\u00e1 mais an\u00fancios ou an\u00fancios irritantes<\/li><\/ul>\n\n\n\n<h2 class=\"wp-block-heading\">O que \u00e9 Katfile?<\/h2>\n\n\n\n<figure class=\"wp-block-image size-full\"><img loading=\"lazy\" decoding=\"async\" width=\"520\" height=\"250\" src=\"https:\/\/katfile.me\/wp-content\/uploads\/2020\/09\/Katfile-Download.jpg\" alt=\"Katfile Download\" class=\"wp-image-212\" srcset=\"https:\/\/katfile.me\/wp-content\/uploads\/2020\/09\/Katfile-Download.jpg 520w, https:\/\/katfile.me\/wp-content\/uploads\/2020\/09\/Katfile-Download-300x144.jpg 300w\" sizes=\"(max-width: 520px) 100vw, 520px\" \/><\/figure>\n\n\n\n<p>Katfile \u00e9 um anfitri\u00e3o de ficheiros premium que pode at\u00e9 ser usado completamente gratuitamente na vers\u00e3o b\u00e1sica. Pode us\u00e1-lo para guardar ficheiros e disponibiliz\u00e1-los a outros (hospedagem), descarregar e economizar. Katfile agora tem uma comunidade t\u00e3o grande que voc\u00ea obt\u00e9m uma enorme quantidade de dados. \u00c9 um dos maiores e mais populares anfitri\u00f5es de ficheiros.<\/p>\n\n\n\n<div class=\"wp-block-buttons is-layout-flex wp-block-buttons-is-layout-flex\">\n<div class=\"wp-block-button\"><a class=\"wp-block-button__link has-white-color has-vivid-cyan-blue-background-color has-text-color has-background\" href=\"https:\/\/katfile.me\/go\/katfile\/\"><span class=\"has-inline-color has-white-color\">V\u00e1 a Katfile<\/span><span class=\"has-inline-color has-white-color\">\u1405<\/span><\/a><\/div>\n<\/div>\n\n\n\n<h2 class=\"wp-block-heading\">Quanto custa a Katfile?<\/h2>\n\n\n\n<p>O Katfile Premium est\u00e1 dispon\u00edvel em 4 termos diferentes: 30 dias, 90 dias, 365 dias e uma vers\u00e3o vital\u00edcia. No caso deste \u00faltimo, paga-se uma quantia \u00fanica e pode ent\u00e3o utilizar o Katfile para o resto da vida sem restri\u00e7\u00f5es na vers\u00e3o premium. Listamos claramente todos os tipos de conta:<\/p>\n\n\n\n<figure class=\"wp-block-table\"><table><tbody><tr><td><strong>30 dias<\/strong><\/td><td><strong>90 dias<\/strong><\/td><td><strong>1 ano<\/strong><\/td><td><strong>para toda a vida<\/strong><\/td><\/tr><tr><td>18,99 $<\/td><td>52,99 $<\/td><td>119,99 $<\/td><td>439,99 $<\/td><\/tr><\/tbody><\/table><\/figure>\n\n\n\n<figure class=\"wp-block-image size-large\"><a href=\"https:\/\/katfile.me\/go\/katfile\/\"><img loading=\"lazy\" decoding=\"async\" width=\"750\" height=\"582\" src=\"https:\/\/katfile.me\/wp-content\/uploads\/2020\/09\/Katfile-Accounts.jpg\" alt=\"Contas Katfile\" class=\"wp-image-222\" srcset=\"https:\/\/katfile.me\/wp-content\/uploads\/2020\/09\/Katfile-Accounts.jpg 750w, https:\/\/katfile.me\/wp-content\/uploads\/2020\/09\/Katfile-Accounts-300x233.jpg 300w\" sizes=\"(max-width: 750px) 100vw, 750px\" \/><\/a><\/figure>\n\n\n\n<div class=\"wp-block-buttons is-layout-flex wp-block-buttons-is-layout-flex\">\n<div class=\"wp-block-button\"><a class=\"wp-block-button__link has-white-color has-vivid-cyan-blue-background-color has-text-color has-background\" href=\"https:\/\/katfile.me\/go\/katfile\/\"><span class=\"has-inline-color has-white-color\">V\u00e1 a Katfile<\/span><span class=\"has-inline-color has-white-color\">\u1405<\/span><\/a><\/div>\n<\/div>\n\n\n\n<h2 class=\"wp-block-heading\">Experi\u00eancias e Testes de Katfile<\/h2>\n\n\n\n<p>Test\u00e1mos a Katfile e regist\u00e1mos para ambas as vers\u00f5es. Simultaneamente, enviamos e descarregamos 10 ficheiros em momentos diferentes, registando a performance. Os resultados apoiam claramente a vers\u00e3o premium:<\/p>\n\n\n\n<figure class=\"wp-block-table\"><table><thead><tr><th>Speed<\/th><th>B\u00e1sico (Gratuito)<\/th><th>Premium<\/th><\/tr><\/thead><tbody><tr><td>Baixar<\/td><td>aproximadamente. 75 kb\/s<\/td><td>aproximadamente. 2,5 mb\/s<\/td><\/tr><tr><td>Upload<\/td><td>aproximadamente. 35 kb\/s<\/td><td>aproximadamente. 850 kB\/s<\/td><\/tr><\/tbody><\/table><\/figure>\n\n\n\n<p>Esta experi\u00eancia \u00e9 confirmada por muitos utilizadores. Na Internet tamb\u00e9m pode encontrar apenas feedback positivo em f\u00f3runs e blogs apropriados.<\/p>\n\n\n\n<h2 class=\"wp-block-heading\">A nossa conclus\u00e3o sobre Katfile<\/h2>\n\n\n\n<p>Recomendamos vivamente Katfile. Na nossa opini\u00e3o, \u00e9 um dos melhores neg\u00f3cios de sempre. As caracter\u00edsticas premium oferecem vantagens reais e fazem muito sentido. Al\u00e9m disso, fic\u00e1mos agradavelmente surpreendidos com o facto de os pre\u00e7os da vers\u00e3o premium n\u00e3o serem elevados e poder pagar. Recebes muito pelo dinheiro. Outra vantagem sobre outros fornecedores \u00e9 o elevado n\u00edvel de seguran\u00e7a. A privacidade e a privacidade s\u00e3o levadas muito a s\u00e9rio e a Katfile \u00e9 um fornecedor confi\u00e1vel e respeit\u00e1vel.<\/p>\n\n\n\n<div class=\"wp-block-buttons is-layout-flex wp-block-buttons-is-layout-flex\">\n<div class=\"wp-block-button\"><a class=\"wp-block-button__link has-white-color has-vivid-cyan-blue-background-color has-text-color has-background\" href=\"https:\/\/katfile.me\/go\/katfile\/\"><span class=\"has-inline-color has-white-color\">V\u00e1 a Katfile<\/span><span class=\"has-inline-color has-white-color\">\u1405<\/span><\/a><\/div>\n<\/div>\n","protected":false},"excerpt":{"rendered":"<p>Katfile Premium: Todas as vantagens Opte por uma conta Katfile Premium hoje e beneficie da velocidade de descarregamento e carregamento total. Com a vers\u00e3o premium, cada download come\u00e7a imediatamente e sem demora. Tamb\u00e9m pode carregar quantos ficheiros quiser ao mesmo tempo e iniciar downloads parados de volta onde pararam. Todas as vantagens num \u00e1pice: Velocidade &#8230; <a title=\"Katfile Premium\" class=\"read-more\" href=\"https:\/\/katfile.me\/pt-pt\/\">Read more <span class=\"screen-reader-text\">Katfile Premium<\/span><\/a><\/p>\n","protected":false},"author":1,"featured_media":0,"parent":0,"menu_order":0,"comment_status":"closed","ping_status":"closed","template":"","meta":{"yasr_overall_rating":4.8,"yasr_post_is_review":"","yasr_auto_insert_disabled":"","yasr_review_type":"BlogPosting","footnotes":""},"class_list":["post-210","page","type-page","status-publish"],"yasr_visitor_votes":{"stars_attributes":{"read_only":false,"span_bottom":false},"number_of_votes":0,"sum_votes":0},"_links":{"self":[{"href":"https:\/\/katfile.me\/pt-pt\/wp-json\/wp\/v2\/pages\/210"}],"collection":[{"href":"https:\/\/katfile.me\/pt-pt\/wp-json\/wp\/v2\/pages"}],"about":[{"href":"https:\/\/katfile.me\/pt-pt\/wp-json\/wp\/v2\/types\/page"}],"author":[{"embeddable":true,"href":"https:\/\/katfile.me\/pt-pt\/wp-json\/wp\/v2\/users\/1"}],"replies":[{"embeddable":true,"href":"https:\/\/katfile.me\/pt-pt\/wp-json\/wp\/v2\/comments?post=210"}],"version-history":[{"count":6,"href":"https:\/\/katfile.me\/pt-pt\/wp-json\/wp\/v2\/pages\/210\/revisions"}],"predecessor-version":[{"id":276,"href":"https:\/\/katfile.me\/pt-pt\/wp-json\/wp\/v2\/pages\/210\/revisions\/276"}],"wp:attachment":[{"href":"https:\/\/katfile.me\/pt-pt\/wp-json\/wp\/v2\/media?parent=210"}],"curies":[{"name":"wp","href":"https:\/\/api.w.org\/{rel}","templated":true}]}}