{"id":186,"date":"2021-06-02T15:48:12","date_gmt":"2021-06-02T15:48:12","guid":{"rendered":"https:\/\/katfile.me\/katfile-premium\/"},"modified":"2021-08-24T17:28:32","modified_gmt":"2021-08-24T17:28:32","slug":"katfile-premium","status":"publish","type":"page","link":"https:\/\/katfile.me\/pl\/","title":{"rendered":"Katfile Premium"},"content":{"rendered":"\n<h2 class=\"wp-block-heading\">Katfile Premium: Wszystkie zalety<\/h2>\n\n\n\n<p>Wybierz konto Katfile Premium ju\u017c dzi\u015b i skorzystaj z pe\u0142nej szybko\u015bci pobierania i wysy\u0142ania. W wersji premium ka\u017cde pobranie rozpoczyna si\u0119 natychmiast i niezw\u0142ocznie. Mo\u017cna r\u00f3wnie\u017c za\u0142adowa\u0107 dowoln\u0105 liczb\u0119 plik\u00f3w w tym samym czasie i rozpocz\u0105\u0107 wstrzymane pobieranie z powrotem, gdzie zosta\u0142y przerwane.<\/p>\n\n\n\n<div class=\"wp-block-buttons is-layout-flex wp-block-buttons-is-layout-flex\">\n<div class=\"wp-block-button\"><a class=\"wp-block-button__link has-white-color has-vivid-cyan-blue-background-color has-text-color has-background\" href=\"https:\/\/katfile.me\/go\/katfile\/\"><span class=\"has-inline-color has-white-color\">Przejd\u017a do Katfile<\/span><span class=\"has-inline-color has-white-color\">\u1405<\/span><\/a><\/div>\n<\/div>\n\n\n\n<p class=\"has-medium-font-size\"><strong>Wszystkie zalety w skr\u00f3cie:<\/strong><\/p>\n\n\n\n<ul class=\"wp-block-list\"><li>Pe\u0142na pr\u0119dko\u015b\u0107: do 30 razy szybsza<\/li><li>Pobieranie zaczyna si\u0119 od razu: koniec czekania<\/li><li>Jednoczesne: pobieranie niesko\u0144czonej liczby plik\u00f3w w tym samym czasie<\/li><li>Rozmiar 20 GB: mo\u017cliwe pobieranie du\u017cych plik\u00f3w<\/li><li>Bez reklam: koniec z irytuj\u0105cymi reklamami lub reklamami<\/li><\/ul>\n\n\n\n<h2 class=\"wp-block-heading\">Co to jest Katfile?<\/h2>\n\n\n\n<figure class=\"wp-block-image size-full\"><img loading=\"lazy\" decoding=\"async\" width=\"520\" height=\"250\" src=\"https:\/\/katfile.me\/wp-content\/uploads\/2020\/09\/Katfile-Download.jpg\" alt=\"Katfile Pobierz\" class=\"wp-image-188\" srcset=\"https:\/\/katfile.me\/wp-content\/uploads\/2020\/09\/Katfile-Download.jpg 520w, https:\/\/katfile.me\/wp-content\/uploads\/2020\/09\/Katfile-Download-300x144.jpg 300w\" sizes=\"(max-width: 520px) 100vw, 520px\" \/><\/figure>\n\n\n\n<p>Katfile to hoster plik\u00f3w premium, kt\u00f3ry mo\u017ce by\u0107 nawet u\u017cywany ca\u0142kowicie za darmo w wersji podstawowej. Mo\u017cesz go u\u017cywa\u0107 do zapisywania plik\u00f3w i udost\u0119pniania ich innym (hosting), pobierania i zapisywania. Katfile ma teraz tak du\u017c\u0105 spo\u0142eczno\u015b\u0107, \u017ce otrzymujesz ogromn\u0105 ilo\u015b\u0107 danych. Jest to jeden z najwi\u0119kszych i najpopularniejszych host\u00f3w plik\u00f3w.<\/p>\n\n\n\n<div class=\"wp-block-buttons is-layout-flex wp-block-buttons-is-layout-flex\">\n<div class=\"wp-block-button\"><a class=\"wp-block-button__link has-white-color has-vivid-cyan-blue-background-color has-text-color has-background\" href=\"https:\/\/katfile.me\/go\/katfile\/\"><span class=\"has-inline-color has-white-color\">Przejd\u017a do Katfile<\/span><span class=\"has-inline-color has-white-color\">\u1405<\/span><\/a><\/div>\n<\/div>\n\n\n\n<h2 class=\"wp-block-heading\">Ile kosztuje Katfile?<\/h2>\n\n\n\n<p>Katfile Premium jest dost\u0119pny w 4 r\u00f3\u017cnych kategoriach: 30 dni, 90 dni, 365 dni i wersja do\u017cywotnia. W przypadku tego ostatniego p\u0142acisz jednorazow\u0105 kwot\u0119, a nast\u0119pnie mo\u017cesz u\u017cywa\u0107 Katfile do ko\u0144ca \u017cycia bez ogranicze\u0144 w wersji premium. Mamy wyra\u017anie wymienione wszystkie typy kont:<\/p>\n\n\n\n<figure class=\"wp-block-table\"><table><tbody><tr><td><strong>30 dni<\/strong><\/td><td><strong>90 dni<\/strong><\/td><td><strong>1 rok<\/strong><\/td><td><strong>Okr\u0119g wyborczy Lebenslang<\/strong><\/td><\/tr><tr><td>18.99 $<\/td><td>52.99 $<\/td><td>119.99 $<\/td><td>439.99 $<\/td><\/tr><\/tbody><\/table><\/figure>\n\n\n\n<figure class=\"wp-block-image size-large\"><a href=\"https:\/\/katfile.me\/go\/katfile\/\"><img loading=\"lazy\" decoding=\"async\" width=\"750\" height=\"582\" src=\"https:\/\/katfile.me\/wp-content\/uploads\/2020\/09\/Katfile-Accounts.jpg\" alt=\"Konta Katfile\" class=\"wp-image-198\" srcset=\"https:\/\/katfile.me\/wp-content\/uploads\/2020\/09\/Katfile-Accounts.jpg 750w, https:\/\/katfile.me\/wp-content\/uploads\/2020\/09\/Katfile-Accounts-300x233.jpg 300w\" sizes=\"(max-width: 750px) 100vw, 750px\" \/><\/a><\/figure>\n\n\n\n<div class=\"wp-block-buttons is-layout-flex wp-block-buttons-is-layout-flex\">\n<div class=\"wp-block-button\"><a class=\"wp-block-button__link has-white-color has-vivid-cyan-blue-background-color has-text-color has-background\" href=\"https:\/\/katfile.me\/go\/katfile\/\"><span class=\"has-inline-color has-white-color\">Przejd\u017a do Katfile<\/span><span class=\"has-inline-color has-white-color\">\u1405<\/span><\/a><\/div>\n<\/div>\n\n\n\n<h2 class=\"wp-block-heading\">Katfile Do\u015bwiadczenia i test<\/h2>\n\n\n\n<p>Przetestowali\u015bmy Katfile sami i zarejestrowali\u015bmy si\u0119 dla obu wersji. Jednocze\u015bnie przes\u0142ali\u015bmy i pobrali\u015bmy 10 plik\u00f3w w r\u00f3\u017cnym czasie, nagrywaj\u0105c wydajno\u015b\u0107. Wyniki wyra\u017anie potwierdzaj\u0105 wersj\u0119 premium:<\/p>\n\n\n\n<figure class=\"wp-block-table\"><table><thead><tr><th>Speed<\/th><th>Basic (Free)<\/th><th>premia<\/th><\/tr><\/thead><tbody><tr><td>pobiera\u0107<\/td><td>Oko\u0142o. 75 kb\/s<\/td><td>Oko\u0142o. 2,5 mb\/s<\/td><\/tr><tr><td>przesy\u0142a\u0107<\/td><td>Oko\u0142o. 35 kb\/s<\/td><td>Oko\u0142o. 850 kB\/s<\/td><\/tr><\/tbody><\/table><\/figure>\n\n\n\n<p>To do\u015bwiadczenie jest potwierdzone przez wielu u\u017cytkownik\u00f3w. W Internecie mo\u017cna r\u00f3wnie\u017c znale\u017a\u0107 tylko pozytywne opinie na odpowiednich forach i blogach.<\/p>\n\n\n\n<h2 class=\"wp-block-heading\">Nasz wniosek w sprawie Katfile<\/h2>\n\n\n\n<p>Zdecydowanie polecamy Katfile. Naszym zdaniem jest to jedna z najlepszych ofert w historii. Funkcje premium oferuj\u0105 prawdziwe zalety i maj\u0105 wiele sensu. Ponadto byli\u015bmy mile zaskoczeni, \u017ce ceny wersji premium nie s\u0105 wysokie i mo\u017cesz sobie na nie pozwoli\u0107. Dostajesz du\u017co za pieni\u0105dze. Kolejn\u0105 zalet\u0105 w stosunku do innych dostawc\u00f3w jest wysoki poziom bezpiecze\u0144stwa. Prywatno\u015b\u0107 i prywatno\u015b\u0107 s\u0105 traktowane bardzo powa\u017cnie, a Katfile jest wiarygodnym i renomowanym dostawc\u0105.<\/p>\n\n\n\n<div class=\"wp-block-buttons is-layout-flex wp-block-buttons-is-layout-flex\">\n<div class=\"wp-block-button\"><a class=\"wp-block-button__link has-white-color has-vivid-cyan-blue-background-color has-text-color has-background\" href=\"https:\/\/katfile.me\/go\/katfile\/\"><span class=\"has-inline-color has-white-color\">Przejd\u017a do Katfile<\/span><span class=\"has-inline-color has-white-color\">\u1405<\/span><\/a><\/div>\n<\/div>\n","protected":false},"excerpt":{"rendered":"<p>Katfile Premium: Wszystkie zalety Wybierz konto Katfile Premium ju\u017c dzi\u015b i skorzystaj z pe\u0142nej szybko\u015bci pobierania i wysy\u0142ania. W wersji premium ka\u017cde pobranie rozpoczyna si\u0119 natychmiast i niezw\u0142ocznie. Mo\u017cna r\u00f3wnie\u017c za\u0142adowa\u0107 dowoln\u0105 liczb\u0119 plik\u00f3w w tym samym czasie i rozpocz\u0105\u0107 wstrzymane pobieranie z powrotem, gdzie zosta\u0142y przerwane. Wszystkie zalety w skr\u00f3cie: Pe\u0142na pr\u0119dko\u015b\u0107: do 30 &#8230; <a title=\"Katfile Premium\" class=\"read-more\" href=\"https:\/\/katfile.me\/pl\/\">Read more <span class=\"screen-reader-text\">Katfile Premium<\/span><\/a><\/p>\n","protected":false},"author":1,"featured_media":0,"parent":0,"menu_order":0,"comment_status":"closed","ping_status":"closed","template":"","meta":{"yasr_overall_rating":4.7,"yasr_post_is_review":"","yasr_auto_insert_disabled":"","yasr_review_type":"BlogPosting","footnotes":""},"class_list":["post-186","page","type-page","status-publish"],"yasr_visitor_votes":{"stars_attributes":{"read_only":false,"span_bottom":false},"number_of_votes":0,"sum_votes":0},"_links":{"self":[{"href":"https:\/\/katfile.me\/pl\/wp-json\/wp\/v2\/pages\/186"}],"collection":[{"href":"https:\/\/katfile.me\/pl\/wp-json\/wp\/v2\/pages"}],"about":[{"href":"https:\/\/katfile.me\/pl\/wp-json\/wp\/v2\/types\/page"}],"author":[{"embeddable":true,"href":"https:\/\/katfile.me\/pl\/wp-json\/wp\/v2\/users\/1"}],"replies":[{"embeddable":true,"href":"https:\/\/katfile.me\/pl\/wp-json\/wp\/v2\/comments?post=186"}],"version-history":[{"count":5,"href":"https:\/\/katfile.me\/pl\/wp-json\/wp\/v2\/pages\/186\/revisions"}],"predecessor-version":[{"id":275,"href":"https:\/\/katfile.me\/pl\/wp-json\/wp\/v2\/pages\/186\/revisions\/275"}],"wp:attachment":[{"href":"https:\/\/katfile.me\/pl\/wp-json\/wp\/v2\/media?parent=186"}],"curies":[{"name":"wp","href":"https:\/\/api.w.org\/{rel}","templated":true}]}}