{"id":164,"date":"2021-06-02T15:46:55","date_gmt":"2021-06-02T15:46:55","guid":{"rendered":"https:\/\/katfile.me\/katfile-premium\/"},"modified":"2021-08-24T17:27:02","modified_gmt":"2021-08-24T17:27:02","slug":"katfile-premium","status":"publish","type":"page","link":"https:\/\/katfile.me\/it\/","title":{"rendered":"Katfile Premium"},"content":{"rendered":"\n<h2 class=\"wp-block-heading\">Katfile Premium: tutti i vantaggi<\/h2>\n\n\n\n<p>Optare per un account Katfile Premium oggi stesso e beneficiare della velocit\u00e0 completa di download e upload. Con la versione premium, ogni download inizia immediatamente e senza indugio. Puoi anche caricare tutti i file che desideri contemporaneamente e avviare i download in pausa da dove avevano interrotto.<\/p>\n\n\n\n<div class=\"wp-block-buttons is-layout-flex wp-block-buttons-is-layout-flex\">\n<div class=\"wp-block-button\"><a class=\"wp-block-button__link has-white-color has-vivid-cyan-blue-background-color has-text-color has-background\" href=\"https:\/\/katfile.me\/go\/katfile\/\"><span class=\"has-inline-color has-white-color\">Vai a Katfile<\/span><span class=\"has-inline-color has-white-color\">\u1405<\/span><\/a><\/div>\n<\/div>\n\n\n\n<p class=\"has-medium-font-size\"><strong>Tutti i vantaggi a colpo d&#8217;occhio:<\/strong><\/p>\n\n\n\n<ul class=\"wp-block-list\"><li>Velocit\u00e0 massima: fino a 30 volte pi\u00f9 veloce<\/li><li>I download iniziano immediatamente: niente pi\u00f9 attese<\/li><li>Simultaneo: scarica un numero infinito di file contemporaneamente<\/li><li>Dimensioni di 20 GB: \u00e8 possibile scaricare file di grandi dimensioni<\/li><li>Senza pubblicit\u00e0: niente pi\u00f9 annunci o annunci fastidiosi<\/li><\/ul>\n\n\n\n<h2 class=\"wp-block-heading\">Cos&#8217;\u00e8 Katfile?<\/h2>\n\n\n\n<figure class=\"wp-block-image size-full\"><img loading=\"lazy\" decoding=\"async\" width=\"520\" height=\"250\" src=\"https:\/\/katfile.me\/wp-content\/uploads\/2020\/09\/Katfile-Download.jpg\" alt=\"Katfile Download\" class=\"wp-image-166\" srcset=\"https:\/\/katfile.me\/wp-content\/uploads\/2020\/09\/Katfile-Download.jpg 520w, https:\/\/katfile.me\/wp-content\/uploads\/2020\/09\/Katfile-Download-300x144.jpg 300w\" sizes=\"(max-width: 520px) 100vw, 520px\" \/><\/figure>\n\n\n\n<p>Katfile \u00e8 un hoster di file premium che pu\u00f2 anche essere utilizzato completamente gratuitamente nella versione base. Puoi usarlo per salvare i file e renderli disponibili ad altri (hosting), download e salvataggio. Katfile ora ha una comunit\u00e0 cos\u00ec grande che ottieni un&#8217;enorme quantit\u00e0 di dati. \u00c8 uno degli host di file pi\u00f9 grandi e popolari.<\/p>\n\n\n\n<div class=\"wp-block-buttons is-layout-flex wp-block-buttons-is-layout-flex\">\n<div class=\"wp-block-button\"><a class=\"wp-block-button__link has-white-color has-vivid-cyan-blue-background-color has-text-color has-background\" href=\"https:\/\/katfile.me\/go\/katfile\/\"><span class=\"has-inline-color has-white-color\">Vai a Katfile<\/span><span class=\"has-inline-color has-white-color\">\u1405<\/span><\/a><\/div>\n<\/div>\n\n\n\n<h2 class=\"wp-block-heading\">Quanto costa Katfile?<\/h2>\n\n\n\n<p>Katfile Premium \u00e8 disponibile in 4 diversi termini: 30 giorni, 90 giorni, 365 giorni e una versione a vita. Nel caso di quest&#8217;ultimo, paghi un importo una volta e puoi quindi utilizzare Katfile per tutta la vita senza restrizioni nella versione premium. Abbiamo elencato chiaramente tutti i tipi di account:<\/p>\n\n\n\n<figure class=\"wp-block-table\"><table><tbody><tr><td><strong>30 giorni<\/strong><\/td><td><strong>90 giorni<\/strong><\/td><td><strong>1 anno<\/strong><\/td><td><strong>per la vita<\/strong><\/td><\/tr><tr><td>18,99 $<\/td><td>52,99 $<\/td><td>119,99 $<\/td><td>439,99 $<\/td><\/tr><\/tbody><\/table><\/figure>\n\n\n\n<figure class=\"wp-block-image size-large\"><a href=\"https:\/\/katfile.me\/go\/katfile\/\"><img loading=\"lazy\" decoding=\"async\" width=\"750\" height=\"582\" src=\"https:\/\/katfile.me\/wp-content\/uploads\/2020\/09\/Katfile-Accounts.jpg\" alt=\"Account Katfile\" class=\"wp-image-176\" srcset=\"https:\/\/katfile.me\/wp-content\/uploads\/2020\/09\/Katfile-Accounts.jpg 750w, https:\/\/katfile.me\/wp-content\/uploads\/2020\/09\/Katfile-Accounts-300x233.jpg 300w\" sizes=\"(max-width: 750px) 100vw, 750px\" \/><\/a><\/figure>\n\n\n\n<div class=\"wp-block-buttons is-layout-flex wp-block-buttons-is-layout-flex\">\n<div class=\"wp-block-button\"><a class=\"wp-block-button__link has-white-color has-vivid-cyan-blue-background-color has-text-color has-background\" href=\"https:\/\/katfile.me\/go\/katfile\/\"><span class=\"has-inline-color has-white-color\">Vai a Katfile<\/span><span class=\"has-inline-color has-white-color\">\u1405<\/span><\/a><\/div>\n<\/div>\n\n\n\n<h2 class=\"wp-block-heading\">Esperienze e test di Katfile<\/h2>\n\n\n\n<p>Abbiamo testato Katfile noi stessi e registrato per entrambe le versioni. Abbiamo caricato e scaricato contemporaneamente 10 file in momenti diversi, registrando le prestazioni. I risultati supportano chiaramente la versione premium:<\/p>\n\n\n\n<figure class=\"wp-block-table\"><table><thead><tr><th>Speed<\/th><th>Base (gratuito)<\/th><th>premio<\/th><\/tr><\/thead><tbody><tr><td>scaricare<\/td><td>Circa. 75 kb\/s<\/td><td>Circa. 2,5 MB\/s<\/td><\/tr><tr><td>caricare<\/td><td>Circa. 35 KB\/s<\/td><td>Circa. 850 kB\/s<\/td><\/tr><\/tbody><\/table><\/figure>\n\n\n\n<p>Questa esperienza \u00e8 confermata da molti utenti. Su Internet puoi anche trovare solo feedback positivi su forum e blog appropriati.<\/p>\n\n\n\n<h2 class=\"wp-block-heading\">La nostra conclusione su Katfile<\/h2>\n\n\n\n<p>Consigliamo vivamente Katfile. A nostro parere, \u00e8 una delle migliori offerte di sempre. Le funzionalit\u00e0 premium offrono vantaggi reali e hanno molto senso. Inoltre, siamo rimasti piacevolmente sorpresi dal fatto che i prezzi per la versione premium non siano alti e puoi permettertelo. Ottieni molto per i soldi. Un altro vantaggio rispetto ad altri fornitori \u00e8 l&#8217;alto livello di sicurezza. La privacy e la privacy sono prese molto sul serio e Katfile \u00e8 un fornitore affidabile e rispettabile.<\/p>\n\n\n\n<div class=\"wp-block-buttons is-layout-flex wp-block-buttons-is-layout-flex\">\n<div class=\"wp-block-button\"><a class=\"wp-block-button__link has-white-color has-vivid-cyan-blue-background-color has-text-color has-background\" href=\"https:\/\/katfile.me\/go\/katfile\/\"><span class=\"has-inline-color has-white-color\">Vai a Katfile<\/span><span class=\"has-inline-color has-white-color\">\u1405<\/span><\/a><\/div>\n<\/div>\n","protected":false},"excerpt":{"rendered":"<p>Katfile Premium: tutti i vantaggi Optare per un account Katfile Premium oggi stesso e beneficiare della velocit\u00e0 completa di download e upload. Con la versione premium, ogni download inizia immediatamente e senza indugio. Puoi anche caricare tutti i file che desideri contemporaneamente e avviare i download in pausa da dove avevano interrotto. Tutti i vantaggi &#8230; <a title=\"Katfile Premium\" class=\"read-more\" href=\"https:\/\/katfile.me\/it\/\">Read more <span class=\"screen-reader-text\">Katfile Premium<\/span><\/a><\/p>\n","protected":false},"author":1,"featured_media":0,"parent":0,"menu_order":0,"comment_status":"closed","ping_status":"closed","template":"","meta":{"yasr_overall_rating":4.8,"yasr_post_is_review":"","yasr_auto_insert_disabled":"","yasr_review_type":"BlogPosting","footnotes":""},"class_list":["post-164","page","type-page","status-publish"],"yasr_visitor_votes":{"stars_attributes":{"read_only":false,"span_bottom":false},"number_of_votes":0,"sum_votes":0},"_links":{"self":[{"href":"https:\/\/katfile.me\/it\/wp-json\/wp\/v2\/pages\/164"}],"collection":[{"href":"https:\/\/katfile.me\/it\/wp-json\/wp\/v2\/pages"}],"about":[{"href":"https:\/\/katfile.me\/it\/wp-json\/wp\/v2\/types\/page"}],"author":[{"embeddable":true,"href":"https:\/\/katfile.me\/it\/wp-json\/wp\/v2\/users\/1"}],"replies":[{"embeddable":true,"href":"https:\/\/katfile.me\/it\/wp-json\/wp\/v2\/comments?post=164"}],"version-history":[{"count":3,"href":"https:\/\/katfile.me\/it\/wp-json\/wp\/v2\/pages\/164\/revisions"}],"predecessor-version":[{"id":273,"href":"https:\/\/katfile.me\/it\/wp-json\/wp\/v2\/pages\/164\/revisions\/273"}],"wp:attachment":[{"href":"https:\/\/katfile.me\/it\/wp-json\/wp\/v2\/media?parent=164"}],"curies":[{"name":"wp","href":"https:\/\/api.w.org\/{rel}","templated":true}]}}