{"id":142,"date":"2021-06-02T15:44:40","date_gmt":"2021-06-02T15:44:40","guid":{"rendered":"https:\/\/katfile.me\/katfile-premium\/"},"modified":"2021-08-24T17:26:10","modified_gmt":"2021-08-24T17:26:10","slug":"katfile-premium","status":"publish","type":"page","link":"https:\/\/katfile.me\/fr\/","title":{"rendered":"Katfile Premium"},"content":{"rendered":"\n<h2 class=\"wp-block-heading\">Katfile Premium: Tous les avantages<\/h2>\n\n\n\n<p>Optez pour un compte Katfile Premium d\u00e8s aujourd\u2019hui et b\u00e9n\u00e9ficiez de la vitesse compl\u00e8te de t\u00e9l\u00e9chargement et de t\u00e9l\u00e9chargement. Avec la version premium, chaque t\u00e9l\u00e9chargement commence imm\u00e9diatement et sans d\u00e9lai. Vous pouvez \u00e9galement charger autant de fichiers que vous le souhaitez en m\u00eame temps et recommencer les t\u00e9l\u00e9chargements en pause l\u00e0 o\u00f9 ils se sont arr\u00eat\u00e9s.<\/p>\n\n\n\n<div class=\"wp-block-buttons is-layout-flex wp-block-buttons-is-layout-flex\">\n<div class=\"wp-block-button\"><a class=\"wp-block-button__link has-white-color has-vivid-cyan-blue-background-color has-text-color has-background\" href=\"https:\/\/katfile.me\/go\/katfile\/\"><span class=\"has-inline-color has-white-color\">Aller \u00e0 Katfile<\/span><span class=\"has-inline-color has-white-color\">\u1405<\/span><\/a><\/div>\n<\/div>\n\n\n\n<p class=\"has-medium-font-size\"><strong>Tous les avantages en un coup d\u2019\u0153il:<\/strong><\/p>\n\n\n\n<ul class=\"wp-block-list\"><li>Pleine vitesse: jusqu\u2019\u00e0 30 fois plus rapide<\/li><li>Les t\u00e9l\u00e9chargements commencent imm\u00e9diatement: plus d\u2019attente<\/li><li>Simultan\u00e9 : t\u00e9l\u00e9chargez un nombre infini de fichiers en m\u00eame temps<\/li><li>Taille de 20 Go : T\u00e9l\u00e9chargement de fichiers volumineux possible<\/li><li>Sans publicit\u00e9: plus de publicit\u00e9s ou de publicit\u00e9s ennuyeuses<\/li><\/ul>\n\n\n\n<h2 class=\"wp-block-heading\">Qu\u2019est-ce que Katfile?<\/h2>\n\n\n\n<figure class=\"wp-block-image size-full\"><img loading=\"lazy\" decoding=\"async\" width=\"520\" height=\"250\" src=\"https:\/\/katfile.me\/wp-content\/uploads\/2020\/09\/Katfile-Download.jpg\" alt=\"Katfile T\u00e9l\u00e9charger\" class=\"wp-image-144\" srcset=\"https:\/\/katfile.me\/wp-content\/uploads\/2020\/09\/Katfile-Download.jpg 520w, https:\/\/katfile.me\/wp-content\/uploads\/2020\/09\/Katfile-Download-300x144.jpg 300w\" sizes=\"(max-width: 520px) 100vw, 520px\" \/><\/figure>\n\n\n\n<p>Katfile est un h\u00e9bergeur de fichiers premium qui peut m\u00eame \u00eatre utilis\u00e9 gratuitement dans la version de base. Vous pouvez l\u2019utiliser pour enregistrer des fichiers et les rendre disponibles pour d\u2019autres (h\u00e9bergement), t\u00e9l\u00e9chargement et enregistrement. Katfile a maintenant une si grande communaut\u00e9 que vous obtenez une \u00e9norme quantit\u00e9 de donn\u00e9es. C\u2019est l\u2019un des h\u00f4tes de fichiers les plus grands et les plus populaires.<\/p>\n\n\n\n<div class=\"wp-block-buttons is-layout-flex wp-block-buttons-is-layout-flex\">\n<div class=\"wp-block-button\"><a class=\"wp-block-button__link has-white-color has-vivid-cyan-blue-background-color has-text-color has-background\" href=\"https:\/\/katfile.me\/go\/katfile\/\"><span class=\"has-inline-color has-white-color\">Aller \u00e0 Katfile<\/span><span class=\"has-inline-color has-white-color\">\u1405<\/span><\/a><\/div>\n<\/div>\n\n\n\n<h2 class=\"wp-block-heading\">Combien co\u00fbte Katfile?<\/h2>\n\n\n\n<p>Katfile Premium est disponible en 4 termes diff\u00e9rents: 30 jours, 90 jours, 365 jours et une version \u00e0 vie. Dans le cas de ce dernier, vous payez un montant unique et pouvez ensuite utiliser Katfile \u00e0 vie sans restriction dans la version premium. Nous avons clairement r\u00e9pertori\u00e9 tous les types de comptes:<\/p>\n\n\n\n<figure class=\"wp-block-table\"><table><tbody><tr><td><strong>30 jours<\/strong><\/td><td><strong>90 jours<\/strong><\/td><td><strong>1 ans<\/strong><\/td><td><strong>pour la vie<\/strong><\/td><\/tr><tr><td>18,99 $<\/td><td>52,99 $<\/td><td>119,99 $<\/td><td>439,99 $<\/td><\/tr><\/tbody><\/table><\/figure>\n\n\n\n<figure class=\"wp-block-image size-large\"><a href=\"https:\/\/katfile.me\/go\/katfile\/\"><img loading=\"lazy\" decoding=\"async\" width=\"750\" height=\"582\" src=\"https:\/\/katfile.me\/wp-content\/uploads\/2020\/09\/Katfile-Accounts.jpg\" alt=\"Comptes Katfile\" class=\"wp-image-154\" srcset=\"https:\/\/katfile.me\/wp-content\/uploads\/2020\/09\/Katfile-Accounts.jpg 750w, https:\/\/katfile.me\/wp-content\/uploads\/2020\/09\/Katfile-Accounts-300x233.jpg 300w\" sizes=\"(max-width: 750px) 100vw, 750px\" \/><\/a><\/figure>\n\n\n\n<div class=\"wp-block-buttons is-layout-flex wp-block-buttons-is-layout-flex\">\n<div class=\"wp-block-button\"><a class=\"wp-block-button__link has-white-color has-vivid-cyan-blue-background-color has-text-color has-background\" href=\"https:\/\/katfile.me\/go\/katfile\/\"><span class=\"has-inline-color has-white-color\">Aller \u00e0 Katfile<\/span><span class=\"has-inline-color has-white-color\">\u1405<\/span><\/a><\/div>\n<\/div>\n\n\n\n<h2 class=\"wp-block-heading\">Exp\u00e9riences et test Katfile<\/h2>\n\n\n\n<p>Nous avons test\u00e9 Katfile nous-m\u00eames et nous nous sommes inscrits pour les deux versions. Nous avons simultan\u00e9ment t\u00e9l\u00e9charg\u00e9 et t\u00e9l\u00e9charg\u00e9 10 fichiers \u00e0 diff\u00e9rents moments, enregistrant la performance. Les r\u00e9sultats soutiennent clairement la version premium:<\/p>\n\n\n\n<figure class=\"wp-block-table\"><table><thead><tr><th>Speed<\/th><th>Basic (gratuit)<\/th><th>prime<\/th><\/tr><\/thead><tbody><tr><td>T\u00e9l\u00e9charger<\/td><td>Environ. 75 kb\/s<\/td><td>Environ. 2,5 Mb\/s<\/td><\/tr><tr><td>t\u00e9l\u00e9charger<\/td><td>Environ. 35 ko\/s<\/td><td>Environ. 850 kB\/s<\/td><\/tr><\/tbody><\/table><\/figure>\n\n\n\n<p>Cette exp\u00e9rience est confirm\u00e9e par de nombreux utilisateurs. Sur Internet, vous ne pouvez \u00e9galement trouver que des commentaires positifs sur les forums et blogs appropri\u00e9s.<\/p>\n\n\n\n<h2 class=\"wp-block-heading\">Notre conclusion sur Katfile<\/h2>\n\n\n\n<p>Nous recommandons fortement Katfile. \u00c0 notre avis, c\u2019est l\u2019une des meilleures offres de tous les temps. Les fonctionnalit\u00e9s premium offrent de r\u00e9els avantages et ont beaucoup de sens. De plus, nous avons \u00e9t\u00e9 agr\u00e9ablement surpris que les prix de la version premium ne soient pas \u00e9lev\u00e9s et que vous puissiez vous les permettre. Vous obtenez beaucoup pour l\u2019argent. Un autre avantage par rapport aux autres fournisseurs est le niveau \u00e9lev\u00e9 de s\u00e9curit\u00e9. La confidentialit\u00e9 et la confidentialit\u00e9 sont prises tr\u00e8s au s\u00e9rieux et Katfile est un fournisseur fiable et r\u00e9put\u00e9.<\/p>\n\n\n\n<div class=\"wp-block-buttons is-layout-flex wp-block-buttons-is-layout-flex\">\n<div class=\"wp-block-button\"><a class=\"wp-block-button__link has-white-color has-vivid-cyan-blue-background-color has-text-color has-background\" href=\"https:\/\/katfile.me\/go\/katfile\/\"><span class=\"has-inline-color has-white-color\">Aller \u00e0 Katfile<\/span><span class=\"has-inline-color has-white-color\">\u1405<\/span><\/a><\/div>\n<\/div>\n","protected":false},"excerpt":{"rendered":"<p>Katfile Premium: Tous les avantages Optez pour un compte Katfile Premium d\u00e8s aujourd\u2019hui et b\u00e9n\u00e9ficiez de la vitesse compl\u00e8te de t\u00e9l\u00e9chargement et de t\u00e9l\u00e9chargement. Avec la version premium, chaque t\u00e9l\u00e9chargement commence imm\u00e9diatement et sans d\u00e9lai. Vous pouvez \u00e9galement charger autant de fichiers que vous le souhaitez en m\u00eame temps et recommencer les t\u00e9l\u00e9chargements en pause &#8230; <a title=\"Katfile Premium\" class=\"read-more\" href=\"https:\/\/katfile.me\/fr\/\">Read more <span class=\"screen-reader-text\">Katfile Premium<\/span><\/a><\/p>\n","protected":false},"author":1,"featured_media":0,"parent":0,"menu_order":0,"comment_status":"closed","ping_status":"closed","template":"","meta":{"yasr_overall_rating":4.9,"yasr_post_is_review":"","yasr_auto_insert_disabled":"","yasr_review_type":"BlogPosting","footnotes":""},"class_list":["post-142","page","type-page","status-publish"],"yasr_visitor_votes":{"stars_attributes":{"read_only":false,"span_bottom":false},"number_of_votes":0,"sum_votes":0},"_links":{"self":[{"href":"https:\/\/katfile.me\/fr\/wp-json\/wp\/v2\/pages\/142"}],"collection":[{"href":"https:\/\/katfile.me\/fr\/wp-json\/wp\/v2\/pages"}],"about":[{"href":"https:\/\/katfile.me\/fr\/wp-json\/wp\/v2\/types\/page"}],"author":[{"embeddable":true,"href":"https:\/\/katfile.me\/fr\/wp-json\/wp\/v2\/users\/1"}],"replies":[{"embeddable":true,"href":"https:\/\/katfile.me\/fr\/wp-json\/wp\/v2\/comments?post=142"}],"version-history":[{"count":3,"href":"https:\/\/katfile.me\/fr\/wp-json\/wp\/v2\/pages\/142\/revisions"}],"predecessor-version":[{"id":271,"href":"https:\/\/katfile.me\/fr\/wp-json\/wp\/v2\/pages\/142\/revisions\/271"}],"wp:attachment":[{"href":"https:\/\/katfile.me\/fr\/wp-json\/wp\/v2\/media?parent=142"}],"curies":[{"name":"wp","href":"https:\/\/api.w.org\/{rel}","templated":true}]}}