{"id":234,"date":"2021-06-02T15:51:29","date_gmt":"2021-06-02T15:51:29","guid":{"rendered":"https:\/\/katfile.me\/katfile-premium\/"},"modified":"2021-08-24T17:29:24","modified_gmt":"2021-08-24T17:29:24","slug":"katfile-premium","status":"publish","type":"page","link":"https:\/\/katfile.me\/es\/","title":{"rendered":"Katfile Premium"},"content":{"rendered":"\n<h2 class=\"wp-block-heading\">Katfile Premium: Todas las ventajas<\/h2>\n\n\n\n<p>Opte por una cuenta Katfile Premium hoy mismo y benef\u00edciese de la velocidad completa de descarga y carga. Con la versi\u00f3n premium, cada descarga comienza inmediatamente y sin demora. Tambi\u00e9n puede cargar tantos archivos como desee al mismo tiempo y comenzar las descargas en pausa donde lo dejaron.<\/p>\n\n\n\n<div class=\"wp-block-buttons is-layout-flex wp-block-buttons-is-layout-flex\">\n<div class=\"wp-block-button\"><a class=\"wp-block-button__link has-white-color has-vivid-cyan-blue-background-color has-text-color has-background\" href=\"https:\/\/katfile.me\/go\/katfile\/\"><span class=\"has-inline-color has-white-color\">Ir a Katfile<\/span><span class=\"has-inline-color has-white-color\">\u1405<\/span><\/a><\/div>\n<\/div>\n\n\n\n<p class=\"has-medium-font-size\"><strong>Todas las ventajas de un vistazo:<\/strong><\/p>\n\n\n\n<ul class=\"wp-block-list\"><li>Velocidad m\u00e1xima: hasta 30 veces m\u00e1s r\u00e1pido<\/li><li>Las descargas comienzan inmediatamente: no m\u00e1s esperas<\/li><li>Simult\u00e1neo: descargar un n\u00famero infinito de archivos al mismo tiempo<\/li><li>Tama\u00f1o de 20 GB: Descarga de archivos grandes posible<\/li><li>Sin publicidad: No m\u00e1s anuncios molestos o anuncios<\/li><\/ul>\n\n\n\n<h2 class=\"wp-block-heading\">\u00bfQu\u00e9 es Katfile?<\/h2>\n\n\n\n<figure class=\"wp-block-image size-full\"><img loading=\"lazy\" decoding=\"async\" width=\"520\" height=\"250\" src=\"https:\/\/katfile.me\/wp-content\/uploads\/2020\/09\/Katfile-Download.jpg\" alt=\"Katfile Descargar\" class=\"wp-image-236\" srcset=\"https:\/\/katfile.me\/wp-content\/uploads\/2020\/09\/Katfile-Download.jpg 520w, https:\/\/katfile.me\/wp-content\/uploads\/2020\/09\/Katfile-Download-300x144.jpg 300w\" sizes=\"(max-width: 520px) 100vw, 520px\" \/><\/figure>\n\n\n\n<p>Katfile es un hoster de archivos premium que incluso se puede usar de forma completamente gratuita en la versi\u00f3n b\u00e1sica. Puede usarlo para guardar archivos y ponerlos a disposici\u00f3n de otros (alojamiento), descargando y guardando. Katfile ahora tiene una comunidad tan grande que obtienes una gran cantidad de datos. Es uno de los hosts de archivos m\u00e1s grandes y populares.<\/p>\n\n\n\n<div class=\"wp-block-buttons is-layout-flex wp-block-buttons-is-layout-flex\">\n<div class=\"wp-block-button\"><a class=\"wp-block-button__link has-white-color has-vivid-cyan-blue-background-color has-text-color has-background\" href=\"https:\/\/katfile.me\/go\/katfile\/\"><span class=\"has-inline-color has-white-color\">Ir a Katfile<\/span><span class=\"has-inline-color has-white-color\">\u1405<\/span><\/a><\/div>\n<\/div>\n\n\n\n<h2 class=\"wp-block-heading\">\u00bfCu\u00e1nto cuesta Katfile?<\/h2>\n\n\n\n<p>Katfile Premium est\u00e1 disponible en 4 t\u00e9rminos diferentes: 30 d\u00edas, 90 d\u00edas, 365 d\u00edas y una versi\u00f3n de por vida. En el caso de este \u00faltimo, usted paga una cantidad \u00fanica y luego puede usar Katfile de por vida sin restricciones en la versi\u00f3n premium. Hemos enumerado claramente todos los tipos de cuentas:<\/p>\n\n\n\n<figure class=\"wp-block-table\"><table><tbody><tr><td><strong>30 d\u00edas<\/strong><\/td><td><strong>90 d\u00edas<\/strong><\/td><td><strong>1 a\u00f1o<\/strong><\/td><td><strong>para la vida<\/strong><\/td><\/tr><tr><td>18,99 $<\/td><td>52,99 $<\/td><td>119,99 $<\/td><td>439,99 $<\/td><\/tr><\/tbody><\/table><\/figure>\n\n\n\n<figure class=\"wp-block-image size-large\"><a href=\"https:\/\/katfile.me\/go\/katfile\/\"><img loading=\"lazy\" decoding=\"async\" width=\"750\" height=\"582\" src=\"https:\/\/katfile.me\/wp-content\/uploads\/2020\/09\/Katfile-Accounts.jpg\" alt=\"Cuentas de Katfile\" class=\"wp-image-246\" srcset=\"https:\/\/katfile.me\/wp-content\/uploads\/2020\/09\/Katfile-Accounts.jpg 750w, https:\/\/katfile.me\/wp-content\/uploads\/2020\/09\/Katfile-Accounts-300x233.jpg 300w\" sizes=\"(max-width: 750px) 100vw, 750px\" \/><\/a><\/figure>\n\n\n\n<div class=\"wp-block-buttons is-layout-flex wp-block-buttons-is-layout-flex\">\n<div class=\"wp-block-button\"><a class=\"wp-block-button__link has-white-color has-vivid-cyan-blue-background-color has-text-color has-background\" href=\"https:\/\/katfile.me\/go\/katfile\/\"><span class=\"has-inline-color has-white-color\">Ir a Katfile<\/span><span class=\"has-inline-color has-white-color\">\u1405<\/span><\/a><\/div>\n<\/div>\n\n\n\n<h2 class=\"wp-block-heading\">Experiencias y pruebas de Katfile<\/h2>\n\n\n\n<p>Probamos Katfile nosotros mismos y nos registramos para ambas versiones. Simult\u00e1neamente cargamos y descargamos 10 archivos en diferentes momentos, grabando la actuaci\u00f3n. Los resultados apoyan claramente la versi\u00f3n premium:<\/p>\n\n\n\n<figure class=\"wp-block-table\"><table><thead><tr><th>Speed<\/th><th>B\u00e1sico (Gratis)<\/th><th>prima<\/th><\/tr><\/thead><tbody><tr><td>descargar<\/td><td>aprox. 75 kb\/s<\/td><td>aprox. 2,5 MB\/s<\/td><\/tr><tr><td>subir<\/td><td>aprox. 35 kb\/s<\/td><td>aprox. 850 kB\/s<\/td><\/tr><\/tbody><\/table><\/figure>\n\n\n\n<p>Esta experiencia es confirmada por muchos usuarios. En Internet tambi\u00e9n puede encontrar solo comentarios positivos en los foros y blogs apropiados.<\/p>\n\n\n\n<h2 class=\"wp-block-heading\">Nuestra conclusi\u00f3n sobre Katfile<\/h2>\n\n\n\n<p>Recomendamos encarecidamente Katfile. En nuestra opini\u00f3n, es una de las mejores ofertas de todos los tiempos. Las caracter\u00edsticas premium ofrecen ventajas reales y tienen mucho sentido. Adem\u00e1s, nos sorprendi\u00f3 gratamente que los precios de la versi\u00f3n premium no sean altos y puedas permit\u00edrtelos. Se obtiene mucho por el dinero. Otra ventaja sobre otros proveedores es el alto nivel de seguridad. La privacidad y la privacidad se toman muy en serio y Katfile es un proveedor confiable y de buena reputaci\u00f3n.<\/p>\n\n\n\n<div class=\"wp-block-buttons is-layout-flex wp-block-buttons-is-layout-flex\">\n<div class=\"wp-block-button\"><a class=\"wp-block-button__link has-white-color has-vivid-cyan-blue-background-color has-text-color has-background\" href=\"https:\/\/katfile.me\/go\/katfile\/\"><span class=\"has-inline-color has-white-color\">Ir a Katfile<\/span><span class=\"has-inline-color has-white-color\">\u1405<\/span><\/a><\/div>\n<\/div>\n","protected":false},"excerpt":{"rendered":"<p>Katfile Premium: Todas las ventajas Opte por una cuenta Katfile Premium hoy mismo y benef\u00edciese de la velocidad completa de descarga y carga. Con la versi\u00f3n premium, cada descarga comienza inmediatamente y sin demora. Tambi\u00e9n puede cargar tantos archivos como desee al mismo tiempo y comenzar las descargas en pausa donde lo dejaron. Todas las &#8230; <a title=\"Katfile Premium\" class=\"read-more\" href=\"https:\/\/katfile.me\/es\/\">Read more <span class=\"screen-reader-text\">Katfile Premium<\/span><\/a><\/p>\n","protected":false},"author":1,"featured_media":0,"parent":0,"menu_order":0,"comment_status":"closed","ping_status":"closed","template":"","meta":{"yasr_overall_rating":4.9,"yasr_post_is_review":"","yasr_auto_insert_disabled":"","yasr_review_type":"BlogPosting","footnotes":""},"class_list":["post-234","page","type-page","status-publish"],"yasr_visitor_votes":{"stars_attributes":{"read_only":false,"span_bottom":false},"number_of_votes":0,"sum_votes":0},"_links":{"self":[{"href":"https:\/\/katfile.me\/es\/wp-json\/wp\/v2\/pages\/234"}],"collection":[{"href":"https:\/\/katfile.me\/es\/wp-json\/wp\/v2\/pages"}],"about":[{"href":"https:\/\/katfile.me\/es\/wp-json\/wp\/v2\/types\/page"}],"author":[{"embeddable":true,"href":"https:\/\/katfile.me\/es\/wp-json\/wp\/v2\/users\/1"}],"replies":[{"embeddable":true,"href":"https:\/\/katfile.me\/es\/wp-json\/wp\/v2\/comments?post=234"}],"version-history":[{"count":5,"href":"https:\/\/katfile.me\/es\/wp-json\/wp\/v2\/pages\/234\/revisions"}],"predecessor-version":[{"id":277,"href":"https:\/\/katfile.me\/es\/wp-json\/wp\/v2\/pages\/234\/revisions\/277"}],"wp:attachment":[{"href":"https:\/\/katfile.me\/es\/wp-json\/wp\/v2\/media?parent=234"}],"curies":[{"name":"wp","href":"https:\/\/api.w.org\/{rel}","templated":true}]}}