{"id":21,"date":"2020-09-29T19:47:47","date_gmt":"2020-09-29T19:47:47","guid":{"rendered":"https:\/\/katfile.me\/?page_id=21"},"modified":"2021-08-24T17:26:39","modified_gmt":"2021-08-24T17:26:39","slug":"katfile-premium","status":"publish","type":"page","link":"https:\/\/katfile.me\/de\/","title":{"rendered":"Katfile Premium"},"content":{"rendered":"\n<h2 class=\"wp-block-heading\">Katfile Premium: Alle Vorteile<\/h2>\n\n\n\n<p>Entscheiden sie sich heute f\u00fcr ein Katfile Premium-Account und profitieren sie von der vollen Download- und Upload-Geschwindigkeit. Mit der Premium-Variante startet jeder Download sofort und ohne Verz\u00f6gerung. Au\u00dferdem k\u00f6nnen Sie beliebig viele Dateien gleichzeitig laden und pausierte Downloads starten wieder dort, wo sie aufgeh\u00f6rt haben.<\/p>\n\n\n\n<div class=\"wp-block-buttons is-layout-flex wp-block-buttons-is-layout-flex\">\n<div class=\"wp-block-button\"><a class=\"wp-block-button__link has-white-color has-vivid-cyan-blue-background-color has-text-color has-background\" href=\"https:\/\/katfile.me\/go\/katfile\/\"><span class=\"has-inline-color has-white-color\">Weiter zu Katfile<\/span>  <span class=\"has-inline-color has-white-color\">\u1405<\/span><\/a><\/div>\n<\/div>\n\n\n\n<p class=\"has-medium-font-size\"><strong>Alle Vorteile im \u00dcberblick:<\/strong><\/p>\n\n\n\n<ul class=\"wp-block-list\"><li>Volle Geschwindigkeit: bis zu 30x schneller<\/li><li>Downloads starten sofort: kein Warten mehr<\/li><li>Simultan: unendlich viele Dateien gleichzeitig herunterladen<\/li><li>20 GB Gr\u00f6sse: Download von gro\u00dfen Dateien m\u00f6glich<\/li><li>Werbefrei: Keine st\u00f6rende Werbung oderoder Anzeigen mehr<\/li><\/ul>\n\n\n\n<h2 class=\"wp-block-heading\">Was ist Katfile?<\/h2>\n\n\n\n<figure class=\"wp-block-image size-full\"><img loading=\"lazy\" decoding=\"async\" width=\"520\" height=\"250\" src=\"https:\/\/katfile.me\/wp-content\/uploads\/2020\/09\/Katfile-Download.jpg\" alt=\"Katfile Download\" class=\"wp-image-33\" srcset=\"https:\/\/katfile.me\/wp-content\/uploads\/2020\/09\/Katfile-Download.jpg 520w, https:\/\/katfile.me\/wp-content\/uploads\/2020\/09\/Katfile-Download-300x144.jpg 300w\" sizes=\"(max-width: 520px) 100vw, 520px\" \/><\/figure>\n\n\n\n<p>Katfile ist ein Premium Filehoster, der in der Basisversion sogar komplett kostenlos genutzt werden kann. Sie k\u00f6nnen damit Dateien speichern und Anderen zur Verf\u00fcgung stellen (Hosting), Herunterladen und Speichern. Katfile hat mittlerweile eine so gro\u00dfe Community, dass man ein riesiges Angebot an Daten bekommt. Es ist bei uns einer der gr\u00f6\u00dften und beliebtesten Filehoster.<\/p>\n\n\n\n<div class=\"wp-block-buttons is-layout-flex wp-block-buttons-is-layout-flex\">\n<div class=\"wp-block-button\"><a class=\"wp-block-button__link has-white-color has-vivid-cyan-blue-background-color has-text-color has-background\" href=\"https:\/\/katfile.me\/go\/katfile\/\"><span class=\"has-inline-color has-white-color\">Weiter zu Katfile<\/span>  <span class=\"has-inline-color has-white-color\">\u1405<\/span><\/a><\/div>\n<\/div>\n\n\n\n<h2 class=\"wp-block-heading\">Wie viel kostet Katfile?<\/h2>\n\n\n\n<p>Katfile Premium gibt es in 4 unterschiedlichen Laufzeiten: 30 Tage, 90 Tage, 365 Tage und eine lebenslange Variante. Bei Letzterer zahlt man einen einmaligen Betrag und kann dann Katfile lebenslang uneingeschr\u00e4nkt in der Premium Variante nutzen. Wir haben alle Kontotypen \u00fcbersichtlich aufgelistet:<\/p>\n\n\n\n<figure class=\"wp-block-table\"><table><tbody><tr><td><strong>30 Tage<\/strong><\/td><td><strong>90 Tage<\/strong><\/td><td><strong>1 Jahr<\/strong><\/td><td><strong>Lebenslang<\/strong><\/td><\/tr><tr><td>18.99 $<\/td><td>52.99 $<\/td><td>119.99 $<\/td><td>439.99 $<\/td><\/tr><\/tbody><\/table><\/figure>\n\n\n\n<figure class=\"wp-block-image size-large\"><a href=\"https:\/\/katfile.me\/go\/katfile\/\"><img loading=\"lazy\" decoding=\"async\" width=\"750\" height=\"582\" src=\"https:\/\/katfile.me\/wp-content\/uploads\/2020\/09\/Katfile-Accounts.jpg\" alt=\"Katfile Accounts\" class=\"wp-image-32\" srcset=\"https:\/\/katfile.me\/wp-content\/uploads\/2020\/09\/Katfile-Accounts.jpg 750w, https:\/\/katfile.me\/wp-content\/uploads\/2020\/09\/Katfile-Accounts-300x233.jpg 300w\" sizes=\"(max-width: 750px) 100vw, 750px\" \/><\/a><\/figure>\n\n\n\n<div class=\"wp-block-buttons is-layout-flex wp-block-buttons-is-layout-flex\">\n<div class=\"wp-block-button\"><a class=\"wp-block-button__link has-white-color has-vivid-cyan-blue-background-color has-text-color has-background\" href=\"https:\/\/katfile.me\/go\/katfile\/\"><span class=\"has-inline-color has-white-color\">Weiter zu Katfile<\/span>  <span class=\"has-inline-color has-white-color\">\u1405<\/span><\/a><\/div>\n<\/div>\n\n\n\n<h2 class=\"wp-block-heading\">Katfile Erfahrungen und Test<\/h2>\n\n\n\n<p>Wir haben Katfile selbst getestet und uns f\u00fcr beide Versionen registriert. Wir haben jeweils 10 Dateien zu unterschiedlichen Zeitpunkten simultan hochgeladen und heruntergeladen und dabei die Performance aufgezeichnet. Die Ergebnisse sprechen eindeutig f\u00fcr die Premium Variante:<\/p>\n\n\n\n<figure class=\"wp-block-table\"><table><thead><tr><th>Geschwindigkeit<\/th><th>Basic (Free)<\/th><th>Premium<\/th><\/tr><\/thead><tbody><tr><td>Download<\/td><td>ca. 75 kb\/s<\/td><td>ca. 2.5 mb\/s<\/td><\/tr><tr><td>Upload<\/td><td>ca. 35 kb\/s<\/td><td>ca. 850 kB\/s<\/td><\/tr><\/tbody><\/table><\/figure>\n\n\n\n<p>Diese Erfahrung wird von vielen Nutzern best\u00e4tigt. Im Internet kann man auf entsprechenden Foren und Blogs ebenfalls nur positives Feedback finden.<\/p>\n\n\n\n<h2 class=\"wp-block-heading\">Unser Fazit zu Katfile<\/h2>\n\n\n\n<p>Wir k\u00f6nnen Katfile unbedingt empfehlen. Es ist unserer Meinung nach eines der besten Angebote \u00fcberhaupt. Die Premium-Funktionen bieten echte Vorteile und machen sehr viel Sinn. Au\u00dferdem hat uns positiv \u00fcberrascht, dass die Preise f\u00fcr die Premium Variante nicht hoch sind und man sie sich gut leisten kann. Man bekommt sehr viel f\u00fcr das Geld. Ein weiterer Vorteil gegen\u00fcber anderen Anbietern ist die hohe Sicherheit. Datenschutz und Privatsph\u00e4re werden sehr ernst genommen und Katfile ist ein zuverl\u00e4ssiger und seri\u00f6ser Anbieter.<\/p>\n\n\n\n<div class=\"wp-block-buttons is-layout-flex wp-block-buttons-is-layout-flex\">\n<div class=\"wp-block-button\"><a class=\"wp-block-button__link has-white-color has-vivid-cyan-blue-background-color has-text-color has-background\" href=\"https:\/\/katfile.me\/go\/katfile\/\"><span class=\"has-inline-color has-white-color\">Weiter zu Katfile<\/span>  <span class=\"has-inline-color has-white-color\">\u1405<\/span><\/a><\/div>\n<\/div>\n","protected":false},"excerpt":{"rendered":"<p>Katfile Premium: Alle Vorteile Entscheiden sie sich heute f\u00fcr ein Katfile Premium-Account und profitieren sie von der vollen Download- und Upload-Geschwindigkeit. Mit der Premium-Variante startet jeder Download sofort und ohne Verz\u00f6gerung. Au\u00dferdem k\u00f6nnen Sie beliebig viele Dateien gleichzeitig laden und pausierte Downloads starten wieder dort, wo sie aufgeh\u00f6rt haben. Alle Vorteile im \u00dcberblick: Volle Geschwindigkeit: &#8230; <a title=\"Katfile Premium\" class=\"read-more\" href=\"https:\/\/katfile.me\/de\/\">Weiterlesen <span class=\"screen-reader-text\">Katfile Premium<\/span><\/a><\/p>\n","protected":false},"author":1,"featured_media":0,"parent":0,"menu_order":0,"comment_status":"closed","ping_status":"closed","template":"","meta":{"yasr_overall_rating":4.8,"yasr_post_is_review":"","yasr_auto_insert_disabled":"","yasr_review_type":"BlogPosting","footnotes":""},"class_list":["post-21","page","type-page","status-publish"],"yasr_visitor_votes":{"stars_attributes":{"read_only":false,"span_bottom":false},"number_of_votes":0,"sum_votes":0},"_links":{"self":[{"href":"https:\/\/katfile.me\/de\/wp-json\/wp\/v2\/pages\/21"}],"collection":[{"href":"https:\/\/katfile.me\/de\/wp-json\/wp\/v2\/pages"}],"about":[{"href":"https:\/\/katfile.me\/de\/wp-json\/wp\/v2\/types\/page"}],"author":[{"embeddable":true,"href":"https:\/\/katfile.me\/de\/wp-json\/wp\/v2\/users\/1"}],"replies":[{"embeddable":true,"href":"https:\/\/katfile.me\/de\/wp-json\/wp\/v2\/comments?post=21"}],"version-history":[{"count":10,"href":"https:\/\/katfile.me\/de\/wp-json\/wp\/v2\/pages\/21\/revisions"}],"predecessor-version":[{"id":272,"href":"https:\/\/katfile.me\/de\/wp-json\/wp\/v2\/pages\/21\/revisions\/272"}],"wp:attachment":[{"href":"https:\/\/katfile.me\/de\/wp-json\/wp\/v2\/media?parent=21"}],"curies":[{"name":"wp","href":"https:\/\/api.w.org\/{rel}","templated":true}]}}